{"id":319,"date":"2021-08-17T13:51:30","date_gmt":"2021-08-17T11:51:30","guid":{"rendered":"https:\/\/diadni.sk\/2025\/?page_id=319"},"modified":"2025-05-19T10:21:08","modified_gmt":"2025-05-19T08:21:08","slug":"partneri-podujatia","status":"publish","type":"page","link":"https:\/\/diadni.sk\/2025\/partneri-podujatia\/","title":{"rendered":"Partneri podujatia"},"content":{"rendered":"\t\t<div data-elementor-type=\"wp-page\" data-elementor-id=\"319\" class=\"elementor elementor-319\" data-elementor-post-type=\"page\">\n\t\t\t\t<div class=\"elementor-element elementor-element-5102218 e-flex e-con-boxed e-con e-parent\" data-id=\"5102218\" data-element_type=\"container\" data-settings=\"{&quot;background_background&quot;:&quot;classic&quot;}\">\n\t\t\t\t\t<div class=\"e-con-inner\">\n\t\t<div class=\"elementor-element elementor-element-839a5b5 e-con-full e-flex e-con e-child\" data-id=\"839a5b5\" data-element_type=\"container\">\n\t\t\t\t<\/div>\n\t\t\t\t\t<\/div>\n\t\t\t\t<\/div>\n\t\t<div class=\"elementor-element elementor-element-0faec14 elementor-hidden-desktop elementor-hidden-tablet elementor-hidden-mobile e-flex e-con-boxed e-con e-parent\" data-id=\"0faec14\" data-element_type=\"container\">\n\t\t\t\t\t<div class=\"e-con-inner\">\n\t\t\t\t<div class=\"elementor-element elementor-element-ca3f89d animated-slow elementor-invisible elementor-widget elementor-widget-heading\" data-id=\"ca3f89d\" data-element_type=\"widget\" data-settings=\"{&quot;_animation&quot;:&quot;fadeInDown&quot;}\" data-widget_type=\"heading.default\">\n\t\t\t\t<div class=\"elementor-widget-container\">\n\t\t\t\t\t<h2 class=\"elementor-heading-title elementor-size-default\">Str\u00e1nku pripravujeme<\/h2>\t\t\t\t<\/div>\n\t\t\t\t<\/div>\n\t\t\t\t\t<\/div>\n\t\t\t\t<\/div>\n\t\t<div class=\"elementor-element elementor-element-a4837ac e-flex e-con-boxed e-con e-parent\" data-id=\"a4837ac\" data-element_type=\"container\">\n\t\t\t\t\t<div class=\"e-con-inner\">\n\t\t<div class=\"elementor-element elementor-element-60fb010 e-con-full e-flex e-con e-child\" data-id=\"60fb010\" data-element_type=\"container\">\n\t\t\t\t<div class=\"elementor-element elementor-element-c284268 elementor-widget elementor-widget-heading\" data-id=\"c284268\" data-element_type=\"widget\" data-widget_type=\"heading.default\">\n\t\t\t\t<div class=\"elementor-widget-container\">\n\t\t\t\t\t<h2 class=\"elementor-heading-title elementor-size-default\">Gener\u00e1lni partneri<\/h2>\t\t\t\t<\/div>\n\t\t\t\t<\/div>\n\t\t<div class=\"elementor-element elementor-element-d0c083c e-con-full e-flex e-con e-child\" data-id=\"d0c083c\" data-element_type=\"container\">\n\t\t\t\t<div class=\"elementor-element elementor-element-54c1ff7 animated-slow elementor-widget__width-initial elementor-invisible elementor-widget elementor-widget-image\" data-id=\"54c1ff7\" data-element_type=\"widget\" data-settings=\"{&quot;_animation&quot;:&quot;zoomIn&quot;}\" data-widget_type=\"image.default\">\n\t\t\t\t<div class=\"elementor-widget-container\">\n\t\t\t\t\t\t\t\t\t\t\t\t\t\t\t\t<a href=\"\" target=\"_blank\">\n\t\t\t\t\t\t\t<img decoding=\"async\" src=\"https:\/\/diadni.sk\/2025\/wp-content\/uploads\/elementor\/thumbs\/boehringer_ingelheim-1200x600-1-rhxc7x8uh9ked10z0ygii3g1pwa68zcpnv39sj60y2.png\" title=\"boehringer_ingelheim-1200&#215;600\" alt=\"boehringer_ingelheim-1200x600\" loading=\"lazy\" \/>\t\t\t\t\t\t\t\t<\/a>\n\t\t\t\t\t\t\t\t\t\t\t\t\t\t\t<\/div>\n\t\t\t\t<\/div>\n\t\t\t\t<div class=\"elementor-element elementor-element-42e6cf3 animated-slow elementor-widget__width-initial elementor-invisible elementor-widget elementor-widget-image\" data-id=\"42e6cf3\" data-element_type=\"widget\" data-settings=\"{&quot;_animation&quot;:&quot;zoomIn&quot;}\" data-widget_type=\"image.default\">\n\t\t\t\t<div class=\"elementor-widget-container\">\n\t\t\t\t\t\t\t\t\t\t\t\t\t\t\t\t<a href=\"https:\/\/www.novonordisk.sk\" target=\"_blank\">\n\t\t\t\t\t\t\t<img decoding=\"async\" src=\"https:\/\/diadni.sk\/2025\/wp-content\/uploads\/elementor\/thumbs\/novo_nordisk-1200x600-1-rhxc7x8uh9ked10z0ygii3g1pwa68zcpnv39sj60y2.png\" title=\"novo_nordisk-1200&#215;600\" alt=\"novo_nordisk-1200x600\" loading=\"lazy\" \/>\t\t\t\t\t\t\t\t<\/a>\n\t\t\t\t\t\t\t\t\t\t\t\t\t\t\t<\/div>\n\t\t\t\t<\/div>\n\t\t\t\t<\/div>\n\t\t\t\t<\/div>\n\t\t<div class=\"elementor-element elementor-element-fde2827 e-con-full e-flex e-con e-child\" data-id=\"fde2827\" data-element_type=\"container\">\n\t\t\t\t<div class=\"elementor-element elementor-element-32b6bac elementor-widget elementor-widget-heading\" data-id=\"32b6bac\" data-element_type=\"widget\" data-widget_type=\"heading.default\">\n\t\t\t\t<div class=\"elementor-widget-container\">\n\t\t\t\t\t<h2 class=\"elementor-heading-title elementor-size-default\">Hlavn\u00fd partner<\/h2>\t\t\t\t<\/div>\n\t\t\t\t<\/div>\n\t\t<div class=\"elementor-element elementor-element-d7bd57f e-con-full e-flex e-con e-child\" data-id=\"d7bd57f\" data-element_type=\"container\">\n\t\t\t\t<div class=\"elementor-element elementor-element-4541908 animated-slow elementor-widget__width-initial elementor-invisible elementor-widget elementor-widget-image\" data-id=\"4541908\" data-element_type=\"widget\" data-settings=\"{&quot;_animation&quot;:&quot;zoomIn&quot;}\" data-widget_type=\"image.default\">\n\t\t\t\t<div class=\"elementor-widget-container\">\n\t\t\t\t\t\t\t\t\t\t\t\t\t\t\t\t<a href=\"http:\/\/www.astrazeneca.sk\" target=\"_blank\">\n\t\t\t\t\t\t\t<img decoding=\"async\" src=\"https:\/\/diadni.sk\/2025\/wp-content\/uploads\/elementor\/thumbs\/astrazeneca-1200x600-1-rhxc7x8t9esj7m7iy49sx4fp2eiqv446djzxo37rkm.png\" title=\"astrazeneca-1200&#215;600\" alt=\"astrazeneca-1200x600\" loading=\"lazy\" \/>\t\t\t\t\t\t\t\t<\/a>\n\t\t\t\t\t\t\t\t\t\t\t\t\t\t\t<\/div>\n\t\t\t\t<\/div>\n\t\t\t\t<div class=\"elementor-element elementor-element-328925f animated-slow elementor-widget__width-initial elementor-invisible elementor-widget elementor-widget-image\" data-id=\"328925f\" data-element_type=\"widget\" data-settings=\"{&quot;_animation&quot;:&quot;zoomIn&quot;}\" data-widget_type=\"image.default\">\n\t\t\t\t<div class=\"elementor-widget-container\">\n\t\t\t\t\t\t\t\t\t\t\t\t\t\t\t<img decoding=\"async\" src=\"https:\/\/diadni.sk\/2025\/wp-content\/uploads\/elementor\/thumbs\/lilly_claim-1200x600-1-rhxc7x8t9esj7m7iy49sx4fp2eiqv446djzxo37rkm.png\" title=\"lilly_claim-1200&#215;600\" alt=\"lilly_claim-1200x600\" loading=\"lazy\" \/>\t\t\t\t\t\t\t\t\t\t\t\t\t\t\t<\/div>\n\t\t\t\t<\/div>\n\t\t\t\t<\/div>\n\t\t\t\t<\/div>\n\t\t<div class=\"elementor-element elementor-element-fd37dfc e-con-full e-flex e-con e-child\" data-id=\"fd37dfc\" data-element_type=\"container\">\n\t\t\t\t<div class=\"elementor-element elementor-element-a131bf1 elementor-widget elementor-widget-heading\" data-id=\"a131bf1\" data-element_type=\"widget\" data-widget_type=\"heading.default\">\n\t\t\t\t<div class=\"elementor-widget-container\">\n\t\t\t\t\t<h2 class=\"elementor-heading-title elementor-size-default\">Partner<\/h2>\t\t\t\t<\/div>\n\t\t\t\t<\/div>\n\t\t<div class=\"elementor-element elementor-element-46aaa7d e-con-full e-flex e-con e-child\" data-id=\"46aaa7d\" data-element_type=\"container\">\n\t\t\t\t<div class=\"elementor-element elementor-element-77f41f5 animated-slow elementor-widget__width-initial elementor-invisible elementor-widget elementor-widget-image\" data-id=\"77f41f5\" data-element_type=\"widget\" data-settings=\"{&quot;_animation&quot;:&quot;zoomIn&quot;}\" data-widget_type=\"image.default\">\n\t\t\t\t<div class=\"elementor-widget-container\">\n\t\t\t\t\t\t\t\t\t\t\t\t\t\t\t<img decoding=\"async\" src=\"https:\/\/diadni.sk\/2025\/wp-content\/uploads\/elementor\/thumbs\/abott-1200x600-1-rhxc7x8snhelmwsswp6g4mxiqnn166hwqeg9lv8mvw.png\" title=\"abott-1200&#215;600\" alt=\"abott-1200x600\" loading=\"lazy\" \/>\t\t\t\t\t\t\t\t\t\t\t\t\t\t\t<\/div>\n\t\t\t\t<\/div>\n\t\t\t\t<\/div>\n\t\t\t\t<\/div>\n\t\t<div class=\"elementor-element elementor-element-dd69d61 e-con-full e-flex e-con e-child\" data-id=\"dd69d61\" data-element_type=\"container\">\n\t\t\t\t<div class=\"elementor-element elementor-element-765ca20 elementor-widget elementor-widget-heading\" data-id=\"765ca20\" data-element_type=\"widget\" data-widget_type=\"heading.default\">\n\t\t\t\t<div class=\"elementor-widget-container\">\n\t\t\t\t\t<h2 class=\"elementor-heading-title elementor-size-default\">Vystavovate\u013e PLUS<\/h2>\t\t\t\t<\/div>\n\t\t\t\t<\/div>\n\t\t<div class=\"elementor-element elementor-element-8e28f57 e-con-full e-flex e-con e-child\" data-id=\"8e28f57\" data-element_type=\"container\">\n\t\t\t\t<div class=\"elementor-element elementor-element-ab609b9 animated-slow elementor-widget__width-initial elementor-invisible elementor-widget elementor-widget-image\" data-id=\"ab609b9\" data-element_type=\"widget\" data-settings=\"{&quot;_animation&quot;:&quot;zoomIn&quot;}\" data-widget_type=\"image.default\">\n\t\t\t\t<div class=\"elementor-widget-container\">\n\t\t\t\t\t\t\t\t\t\t\t\t\t\t\t<img decoding=\"async\" src=\"https:\/\/diadni.sk\/2025\/wp-content\/uploads\/elementor\/thumbs\/berlinchemie-menarini-1200x600-1-rhxc7x8s1k0o27e2va33c5fcewrbh8vn38wljn9i76.png\" title=\"berlinchemie-menarini-1200&#215;600\" alt=\"berlinchemie-menarini-1200x600\" loading=\"lazy\" \/>\t\t\t\t\t\t\t\t\t\t\t\t\t\t\t<\/div>\n\t\t\t\t<\/div>\n\t\t\t\t<div class=\"elementor-element elementor-element-c071f48 animated-slow elementor-widget__width-initial elementor-invisible elementor-widget elementor-widget-image\" data-id=\"c071f48\" data-element_type=\"widget\" data-settings=\"{&quot;_animation&quot;:&quot;zoomIn&quot;}\" data-widget_type=\"image.default\">\n\t\t\t\t<div class=\"elementor-widget-container\">\n\t\t\t\t\t\t\t\t\t\t\t\t\t\t\t<img decoding=\"async\" src=\"https:\/\/diadni.sk\/2025\/wp-content\/uploads\/elementor\/thumbs\/conex-1200x600-1-rhxc7x8s1k0o27e2va33c5fcewrbh8vn38wljn9i76.png\" title=\"conex-1200&#215;600\" alt=\"conex-1200x600\" loading=\"lazy\" \/>\t\t\t\t\t\t\t\t\t\t\t\t\t\t\t<\/div>\n\t\t\t\t<\/div>\n\t\t\t\t<div class=\"elementor-element elementor-element-ddb0bc7 animated-slow elementor-widget__width-initial elementor-invisible elementor-widget elementor-widget-image\" data-id=\"ddb0bc7\" data-element_type=\"widget\" data-settings=\"{&quot;_animation&quot;:&quot;zoomIn&quot;}\" data-widget_type=\"image.default\">\n\t\t\t\t<div class=\"elementor-widget-container\">\n\t\t\t\t\t\t\t\t\t\t\t\t\t\t\t<img decoding=\"async\" src=\"https:\/\/diadni.sk\/2025\/wp-content\/uploads\/elementor\/thumbs\/dovera_poistovna-1200x600-1-rhxc7x8s1k0o27e2va33c5fcewrbh8vn38wljn9i76.png\" title=\"dovera_poistovna-1200&#215;600\" alt=\"dovera_poistovna-1200x600\" loading=\"lazy\" \/>\t\t\t\t\t\t\t\t\t\t\t\t\t\t\t<\/div>\n\t\t\t\t<\/div>\n\t\t\t\t<\/div>\n\t\t<div class=\"elementor-element elementor-element-9d8bd50 e-con-full e-flex e-con e-child\" data-id=\"9d8bd50\" data-element_type=\"container\">\n\t\t\t\t<div class=\"elementor-element elementor-element-cdc31a9 animated-slow elementor-widget__width-initial elementor-invisible elementor-widget elementor-widget-image\" data-id=\"cdc31a9\" data-element_type=\"widget\" data-settings=\"{&quot;_animation&quot;:&quot;zoomIn&quot;}\" data-widget_type=\"image.default\">\n\t\t\t\t<div class=\"elementor-widget-container\">\n\t\t\t\t\t\t\t\t\t\t\t\t\t\t\t<img decoding=\"async\" src=\"https:\/\/diadni.sk\/2025\/wp-content\/uploads\/elementor\/thumbs\/krka-1200x600-1-rhxc7x8s1k0o27e2va33c5fcewrbh8vn38wljn9i76.png\" title=\"krka-1200&#215;600\" alt=\"krka-1200x600\" loading=\"lazy\" \/>\t\t\t\t\t\t\t\t\t\t\t\t\t\t\t<\/div>\n\t\t\t\t<\/div>\n\t\t\t\t<div class=\"elementor-element elementor-element-8364f20 animated-slow elementor-widget__width-initial elementor-invisible elementor-widget elementor-widget-image\" data-id=\"8364f20\" data-element_type=\"widget\" data-settings=\"{&quot;_animation&quot;:&quot;zoomIn&quot;}\" data-widget_type=\"image.default\">\n\t\t\t\t<div class=\"elementor-widget-container\">\n\t\t\t\t\t\t\t\t\t\t\t\t\t\t\t<img decoding=\"async\" src=\"https:\/\/diadni.sk\/2025\/wp-content\/uploads\/elementor\/thumbs\/swixx_biopharma-1200x600-1-rhxc7x8s1k0o27e2va33c5fcewrbh8vn38wljn9i76.png\" title=\"swixx_biopharma-1200&#215;600\" alt=\"swixx_biopharma-1200x600\" loading=\"lazy\" \/>\t\t\t\t\t\t\t\t\t\t\t\t\t\t\t<\/div>\n\t\t\t\t<\/div>\n\t\t\t\t<\/div>\n\t\t\t\t<\/div>\n\t\t<div class=\"elementor-element elementor-element-c56fdf7 e-con-full e-flex e-con e-child\" data-id=\"c56fdf7\" data-element_type=\"container\">\n\t\t\t\t<div class=\"elementor-element elementor-element-0345b24 elementor-widget elementor-widget-heading\" data-id=\"0345b24\" data-element_type=\"widget\" data-widget_type=\"heading.default\">\n\t\t\t\t<div class=\"elementor-widget-container\">\n\t\t\t\t\t<h2 class=\"elementor-heading-title elementor-size-default\">Vystavovate\u013e<\/h2>\t\t\t\t<\/div>\n\t\t\t\t<\/div>\n\t\t<div class=\"elementor-element elementor-element-1a34a67 e-con-full e-flex e-con e-child\" data-id=\"1a34a67\" data-element_type=\"container\">\n\t\t\t\t<div class=\"elementor-element elementor-element-eef2d47 animated-slow elementor-widget__width-initial elementor-invisible elementor-widget elementor-widget-image\" data-id=\"eef2d47\" data-element_type=\"widget\" data-settings=\"{&quot;_animation&quot;:&quot;zoomIn&quot;}\" data-widget_type=\"image.default\">\n\t\t\t\t<div class=\"elementor-widget-container\">\n\t\t\t\t\t\t\t\t\t\t\t\t\t\t\t<img decoding=\"async\" src=\"https:\/\/diadni.sk\/2025\/wp-content\/uploads\/elementor\/thumbs\/advanced_medical_solutions-1200x600-1-rhxc7x8rfmmqhhzctuzqjnx635vlsb9dg3cxhfadig.png\" title=\"advanced_medical_solutions-1200&#215;600\" alt=\"advanced_medical_solutions-1200x600\" loading=\"lazy\" \/>\t\t\t\t\t\t\t\t\t\t\t\t\t\t\t<\/div>\n\t\t\t\t<\/div>\n\t\t\t\t<div class=\"elementor-element elementor-element-2d5fae5 animated-slow elementor-widget__width-initial elementor-invisible elementor-widget elementor-widget-image\" data-id=\"2d5fae5\" data-element_type=\"widget\" data-settings=\"{&quot;_animation&quot;:&quot;zoomIn&quot;}\" data-widget_type=\"image.default\">\n\t\t\t\t<div class=\"elementor-widget-container\">\n\t\t\t\t\t\t\t\t\t\t\t\t\t\t\t<img decoding=\"async\" src=\"https:\/\/diadni.sk\/2025\/wp-content\/uploads\/elementor\/thumbs\/aimport-1200x600-1-rhxc7x8rfmmqhhzctuzqjnx635vlsb9dg3cxhfadig.png\" title=\"aimport-1200&#215;600\" alt=\"aimport-1200x600\" loading=\"lazy\" \/>\t\t\t\t\t\t\t\t\t\t\t\t\t\t\t<\/div>\n\t\t\t\t<\/div>\n\t\t\t\t<div class=\"elementor-element elementor-element-cf53f14 animated-slow elementor-widget__width-initial elementor-invisible elementor-widget elementor-widget-image\" data-id=\"cf53f14\" data-element_type=\"widget\" data-settings=\"{&quot;_animation&quot;:&quot;zoomIn&quot;}\" data-widget_type=\"image.default\">\n\t\t\t\t<div class=\"elementor-widget-container\">\n\t\t\t\t\t\t\t\t\t\t\t\t\t\t\t<img decoding=\"async\" src=\"https:\/\/diadni.sk\/2025\/wp-content\/uploads\/elementor\/thumbs\/aqvitox-1200x600-1-rhxc7x8rfmmqhhzctuzqjnx635vlsb9dg3cxhfadig.png\" title=\"aqvitox-1200&#215;600\" alt=\"aqvitox-1200x600\" loading=\"lazy\" \/>\t\t\t\t\t\t\t\t\t\t\t\t\t\t\t<\/div>\n\t\t\t\t<\/div>\n\t\t\t\t<div class=\"elementor-element elementor-element-05d1bec animated-slow elementor-widget__width-initial elementor-invisible elementor-widget elementor-widget-image\" data-id=\"05d1bec\" data-element_type=\"widget\" data-settings=\"{&quot;_animation&quot;:&quot;zoomIn&quot;}\" data-widget_type=\"image.default\">\n\t\t\t\t<div class=\"elementor-widget-container\">\n\t\t\t\t\t\t\t\t\t\t\t\t\t\t\t<img decoding=\"async\" src=\"https:\/\/diadni.sk\/2025\/wp-content\/uploads\/elementor\/thumbs\/biog-1200x600-1-rhxc7x8rfmmqhhzctuzqjnx635vlsb9dg3cxhfadig.png\" title=\"biog-1200&#215;600\" alt=\"biog-1200x600\" loading=\"lazy\" \/>\t\t\t\t\t\t\t\t\t\t\t\t\t\t\t<\/div>\n\t\t\t\t<\/div>\n\t\t\t\t<\/div>\n\t\t<div class=\"elementor-element elementor-element-fadf233 e-con-full e-flex e-con e-child\" data-id=\"fadf233\" data-element_type=\"container\">\n\t\t\t\t<div class=\"elementor-element elementor-element-4012f4c animated-slow elementor-widget__width-initial elementor-invisible elementor-widget elementor-widget-image\" data-id=\"4012f4c\" data-element_type=\"widget\" data-settings=\"{&quot;_animation&quot;:&quot;zoomIn&quot;}\" data-widget_type=\"image.default\">\n\t\t\t\t<div class=\"elementor-widget-container\">\n\t\t\t\t\t\t\t\t\t\t\t\t\t\t\t<img decoding=\"async\" src=\"https:\/\/diadni.sk\/2025\/wp-content\/uploads\/elementor\/thumbs\/GLpharma-1200x600-1-rhxc7x8rfmmqhhzctuzqjnx635vlsb9dg3cxhfadig.png\" title=\"GLpharma-1200&#215;600\" alt=\"GLpharma-1200x600\" loading=\"lazy\" \/>\t\t\t\t\t\t\t\t\t\t\t\t\t\t\t<\/div>\n\t\t\t\t<\/div>\n\t\t\t\t<div class=\"elementor-element elementor-element-4260062 animated-slow elementor-widget__width-initial elementor-invisible elementor-widget elementor-widget-image\" data-id=\"4260062\" data-element_type=\"widget\" data-settings=\"{&quot;_animation&quot;:&quot;zoomIn&quot;}\" data-widget_type=\"image.default\">\n\t\t\t\t<div class=\"elementor-widget-container\">\n\t\t\t\t\t\t\t\t\t\t\t\t\t\t\t<img decoding=\"async\" src=\"https:\/\/diadni.sk\/2025\/wp-content\/uploads\/elementor\/thumbs\/goldman_systems-1200x600-1-rhxc7x8rfmmqhhzctuzqjnx635vlsb9dg3cxhfadig.png\" title=\"goldman_systems-1200&#215;600\" alt=\"goldman_systems-1200x600\" loading=\"lazy\" \/>\t\t\t\t\t\t\t\t\t\t\t\t\t\t\t<\/div>\n\t\t\t\t<\/div>\n\t\t\t\t<div class=\"elementor-element elementor-element-c07e0af animated-slow elementor-widget__width-initial elementor-invisible elementor-widget elementor-widget-image\" data-id=\"c07e0af\" data-element_type=\"widget\" data-settings=\"{&quot;_animation&quot;:&quot;zoomIn&quot;}\" data-widget_type=\"image.default\">\n\t\t\t\t<div class=\"elementor-widget-container\">\n\t\t\t\t\t\t\t\t\t\t\t\t\t\t\t<img decoding=\"async\" src=\"https:\/\/diadni.sk\/2025\/wp-content\/uploads\/elementor\/thumbs\/heaton_sk-1200x600-1-rhxc7x8rfmmqhhzctuzqjnx635vlsb9dg3cxhfadig.png\" title=\"heaton_sk-1200&#215;600\" alt=\"heaton_sk-1200x600\" loading=\"lazy\" \/>\t\t\t\t\t\t\t\t\t\t\t\t\t\t\t<\/div>\n\t\t\t\t<\/div>\n\t\t\t\t<div class=\"elementor-element elementor-element-6b7eccf animated-slow elementor-widget__width-initial elementor-invisible elementor-widget elementor-widget-image\" data-id=\"6b7eccf\" data-element_type=\"widget\" data-settings=\"{&quot;_animation&quot;:&quot;zoomIn&quot;}\" data-widget_type=\"image.default\">\n\t\t\t\t<div class=\"elementor-widget-container\">\n\t\t\t\t\t\t\t\t\t\t\t\t\t\t\t<img decoding=\"async\" src=\"https:\/\/diadni.sk\/2025\/wp-content\/uploads\/elementor\/thumbs\/loreal_paris-1200x600-1-rhxc7x8rfmmqhhzctuzqjnx635vlsb9dg3cxhfadig.png\" title=\"loreal_paris-1200&#215;600\" alt=\"loreal_paris-1200x600\" loading=\"lazy\" \/>\t\t\t\t\t\t\t\t\t\t\t\t\t\t\t<\/div>\n\t\t\t\t<\/div>\n\t\t\t\t<\/div>\n\t\t<div class=\"elementor-element elementor-element-c95ac3d e-con-full e-flex e-con e-child\" data-id=\"c95ac3d\" data-element_type=\"container\">\n\t\t\t\t<div class=\"elementor-element elementor-element-1273aa8 animated-slow elementor-widget__width-initial elementor-invisible elementor-widget elementor-widget-image\" data-id=\"1273aa8\" data-element_type=\"widget\" data-settings=\"{&quot;_animation&quot;:&quot;zoomIn&quot;}\" data-widget_type=\"image.default\">\n\t\t\t\t<div class=\"elementor-widget-container\">\n\t\t\t\t\t\t\t\t\t\t\t\t\t\t\t<img decoding=\"async\" src=\"https:\/\/diadni.sk\/2025\/wp-content\/uploads\/elementor\/thumbs\/lorex_distribution-1200x600-1-rhxc7pq1wycfwmaa1rqpzpthc2wo2qfir251n7liw8.png\" title=\"lorex_distribution-1200&#215;600\" alt=\"lorex_distribution-1200x600\" loading=\"lazy\" \/>\t\t\t\t\t\t\t\t\t\t\t\t\t\t\t<\/div>\n\t\t\t\t<\/div>\n\t\t\t\t<div class=\"elementor-element elementor-element-29802c9 animated-slow elementor-widget__width-initial elementor-invisible elementor-widget elementor-widget-image\" data-id=\"29802c9\" data-element_type=\"widget\" data-settings=\"{&quot;_animation&quot;:&quot;zoomIn&quot;}\" data-widget_type=\"image.default\">\n\t\t\t\t<div class=\"elementor-widget-container\">\n\t\t\t\t\t\t\t\t\t\t\t\t\t\t\t<img decoding=\"async\" src=\"https:\/\/diadni.sk\/2025\/wp-content\/uploads\/elementor\/thumbs\/merck-1200x600-1-rhxc7x8rfmmqhhzctuzqjnx635vlsb9dg3cxhfadig.png\" title=\"merck-1200&#215;600\" alt=\"merck-1200x600\" loading=\"lazy\" \/>\t\t\t\t\t\t\t\t\t\t\t\t\t\t\t<\/div>\n\t\t\t\t<\/div>\n\t\t\t\t<div class=\"elementor-element elementor-element-a371607 animated-slow elementor-widget__width-initial elementor-invisible elementor-widget elementor-widget-image\" data-id=\"a371607\" data-element_type=\"widget\" data-settings=\"{&quot;_animation&quot;:&quot;zoomIn&quot;}\" data-widget_type=\"image.default\">\n\t\t\t\t<div class=\"elementor-widget-container\">\n\t\t\t\t\t\t\t\t\t\t\t\t\t\t\t<img decoding=\"async\" src=\"https:\/\/diadni.sk\/2025\/wp-content\/uploads\/elementor\/thumbs\/novartis_clean-1200x600-1-rhxc7x8rfmmqhhzctuzqjnx635vlsb9dg3cxhfadig.png\" title=\"novartis_clean-1200&#215;600\" alt=\"novartis_clean-1200x600\" loading=\"lazy\" \/>\t\t\t\t\t\t\t\t\t\t\t\t\t\t\t<\/div>\n\t\t\t\t<\/div>\n\t\t\t\t<div class=\"elementor-element elementor-element-fe5e3a6 animated-slow elementor-widget__width-initial elementor-invisible elementor-widget elementor-widget-image\" data-id=\"fe5e3a6\" data-element_type=\"widget\" data-settings=\"{&quot;_animation&quot;:&quot;zoomIn&quot;}\" data-widget_type=\"image.default\">\n\t\t\t\t<div class=\"elementor-widget-container\">\n\t\t\t\t\t\t\t\t\t\t\t\t\t\t\t<img decoding=\"async\" src=\"https:\/\/diadni.sk\/2025\/wp-content\/uploads\/elementor\/thumbs\/roche-1200x600-1-rhxc7x8rfmmqhhzctuzqjnx635vlsb9dg3cxhfadig.png\" title=\"roche-1200&#215;600\" alt=\"roche-1200x600\" loading=\"lazy\" \/>\t\t\t\t\t\t\t\t\t\t\t\t\t\t\t<\/div>\n\t\t\t\t<\/div>\n\t\t\t\t<\/div>\n\t\t<div class=\"elementor-element elementor-element-546dd55 e-con-full e-flex e-con e-child\" data-id=\"546dd55\" data-element_type=\"container\">\n\t\t\t\t<div class=\"elementor-element elementor-element-c593d72 animated-slow elementor-widget__width-initial elementor-invisible elementor-widget elementor-widget-image\" data-id=\"c593d72\" data-element_type=\"widget\" data-settings=\"{&quot;_animation&quot;:&quot;zoomIn&quot;}\" data-widget_type=\"image.default\">\n\t\t\t\t<div class=\"elementor-widget-container\">\n\t\t\t\t\t\t\t\t\t\t\t\t\t\t\t<img decoding=\"async\" src=\"https:\/\/diadni.sk\/2025\/wp-content\/uploads\/elementor\/thumbs\/soc_poistovna-1200x600-1-rhxc7x8rfmmqhhzctuzqjnx635vlsb9dg3cxhfadig.png\" title=\"soc_poistovna-1200&#215;600\" alt=\"soc_poistovna-1200x600\" loading=\"lazy\" \/>\t\t\t\t\t\t\t\t\t\t\t\t\t\t\t<\/div>\n\t\t\t\t<\/div>\n\t\t\t\t<div class=\"elementor-element elementor-element-ea9e706 animated-slow elementor-widget__width-initial elementor-invisible elementor-widget elementor-widget-image\" data-id=\"ea9e706\" data-element_type=\"widget\" data-settings=\"{&quot;_animation&quot;:&quot;zoomIn&quot;}\" data-widget_type=\"image.default\">\n\t\t\t\t<div class=\"elementor-widget-container\">\n\t\t\t\t\t\t\t\t\t\t\t\t\t\t\t<img decoding=\"async\" src=\"https:\/\/diadni.sk\/2025\/wp-content\/uploads\/elementor\/thumbs\/tajamed-1200x600-1-rhxc7x8rfmmqhhzctuzqjnx635vlsb9dg3cxhfadig.png\" title=\"tajamed-1200&#215;600\" alt=\"tajamed-1200x600\" loading=\"lazy\" \/>\t\t\t\t\t\t\t\t\t\t\t\t\t\t\t<\/div>\n\t\t\t\t<\/div>\n\t\t\t\t<\/div>\n\t\t\t\t<\/div>\n\t\t<div class=\"elementor-element elementor-element-2a8508b e-con-full e-flex e-con e-child\" data-id=\"2a8508b\" data-element_type=\"container\">\n\t\t\t\t<div class=\"elementor-element elementor-element-26a73ae elementor-widget elementor-widget-heading\" data-id=\"26a73ae\" data-element_type=\"widget\" data-widget_type=\"heading.default\">\n\t\t\t\t<div class=\"elementor-widget-container\">\n\t\t\t\t\t<h2 class=\"elementor-heading-title elementor-size-default\">Podpora podujatia<\/h2>\t\t\t\t<\/div>\n\t\t\t\t<\/div>\n\t\t<div class=\"elementor-element elementor-element-a240be9 e-con-full e-flex e-con e-child\" data-id=\"a240be9\" data-element_type=\"container\">\n\t\t\t\t<div class=\"elementor-element elementor-element-c4736da animated-slow elementor-widget__width-initial elementor-invisible elementor-widget elementor-widget-image\" data-id=\"c4736da\" data-element_type=\"widget\" data-settings=\"{&quot;_animation&quot;:&quot;zoomIn&quot;}\" data-widget_type=\"image.default\">\n\t\t\t\t<div class=\"elementor-widget-container\">\n\t\t\t\t\t\t\t\t\t\t\t\t\t\t\t<img decoding=\"async\" src=\"https:\/\/diadni.sk\/2025\/wp-content\/uploads\/elementor\/thumbs\/bayer-1200x600-1-rhxc7x8rfmmqhhzctuzqjnx635vlsb9dg3cxhfadig.png\" title=\"bayer-1200&#215;600\" alt=\"bayer-1200x600\" loading=\"lazy\" \/>\t\t\t\t\t\t\t\t\t\t\t\t\t\t\t<\/div>\n\t\t\t\t<\/div>\n\t\t\t\t<div class=\"elementor-element elementor-element-8ea1c98 animated-slow elementor-widget__width-initial elementor-invisible elementor-widget elementor-widget-image\" data-id=\"8ea1c98\" data-element_type=\"widget\" data-settings=\"{&quot;_animation&quot;:&quot;zoomIn&quot;}\" data-widget_type=\"image.default\">\n\t\t\t\t<div class=\"elementor-widget-container\">\n\t\t\t\t\t\t\t\t\t\t\t\t\t\t\t<img decoding=\"async\" src=\"https:\/\/diadni.sk\/2025\/wp-content\/uploads\/elementor\/thumbs\/servier-1200x600-1-rhxc7x8rfmmqhhzctuzqjnx635vlsb9dg3cxhfadig.png\" title=\"servier-1200&#215;600\" alt=\"servier-1200x600\" loading=\"lazy\" \/>\t\t\t\t\t\t\t\t\t\t\t\t\t\t\t<\/div>\n\t\t\t\t<\/div>\n\t\t\t\t<\/div>\n\t\t\t\t<\/div>\n\t\t\t\t\t<\/div>\n\t\t\t\t<\/div>\n\t\t\t\t<\/div>\n\t\t","protected":false},"excerpt":{"rendered":"<p>Str\u00e1nku pripravujeme Gener\u00e1lni partneri Hlavn\u00fd partner Partner Vystavovate\u013e PLUS Vystavovate\u013e Podpora podujatia<\/p>\n","protected":false},"author":1,"featured_media":0,"parent":0,"menu_order":0,"comment_status":"closed","ping_status":"closed","template":"","meta":{"footnotes":""},"class_list":["post-319","page","type-page","status-publish","hentry"],"_links":{"self":[{"href":"https:\/\/diadni.sk\/2025\/wp-json\/wp\/v2\/pages\/319","targetHints":{"allow":["GET"]}}],"collection":[{"href":"https:\/\/diadni.sk\/2025\/wp-json\/wp\/v2\/pages"}],"about":[{"href":"https:\/\/diadni.sk\/2025\/wp-json\/wp\/v2\/types\/page"}],"author":[{"embeddable":true,"href":"https:\/\/diadni.sk\/2025\/wp-json\/wp\/v2\/users\/1"}],"replies":[{"embeddable":true,"href":"https:\/\/diadni.sk\/2025\/wp-json\/wp\/v2\/comments?post=319"}],"version-history":[{"count":94,"href":"https:\/\/diadni.sk\/2025\/wp-json\/wp\/v2\/pages\/319\/revisions"}],"predecessor-version":[{"id":2200,"href":"https:\/\/diadni.sk\/2025\/wp-json\/wp\/v2\/pages\/319\/revisions\/2200"}],"wp:attachment":[{"href":"https:\/\/diadni.sk\/2025\/wp-json\/wp\/v2\/media?parent=319"}],"curies":[{"name":"wp","href":"https:\/\/api.w.org\/{rel}","templated":true}]}}