{"id":177,"date":"2021-02-24T16:54:44","date_gmt":"2021-02-24T15:54:44","guid":{"rendered":"https:\/\/diadni.sk\/2025\/?page_id=177"},"modified":"2025-01-21T13:54:27","modified_gmt":"2025-01-21T12:54:27","slug":"sds","status":"publish","type":"page","link":"https:\/\/diadni.sk\/2025\/sds\/","title":{"rendered":"SDS"},"content":{"rendered":"\t\t<div data-elementor-type=\"wp-page\" data-elementor-id=\"177\" class=\"elementor elementor-177\" data-elementor-post-type=\"page\">\n\t\t\t\t<div class=\"elementor-element elementor-element-c6b0de4 e-flex e-con-boxed e-con e-parent\" data-id=\"c6b0de4\" data-element_type=\"container\" data-settings=\"{&quot;background_background&quot;:&quot;classic&quot;}\">\n\t\t\t\t\t<div class=\"e-con-inner\">\n\t\t<div class=\"elementor-element elementor-element-b48d2c6 e-con-full e-flex e-con e-child\" data-id=\"b48d2c6\" data-element_type=\"container\">\n\t\t\t\t<\/div>\n\t\t\t\t\t<\/div>\n\t\t\t\t<\/div>\n\t\t<div class=\"elementor-element elementor-element-8f6f8c9 animated-slow e-flex e-con-boxed elementor-invisible e-con e-parent\" data-id=\"8f6f8c9\" data-element_type=\"container\" data-settings=\"{&quot;animation&quot;:&quot;fadeIn&quot;}\">\n\t\t\t\t\t<div class=\"e-con-inner\">\n\t\t<div class=\"elementor-element elementor-element-fad9355 e-con-full e-flex e-con e-child\" data-id=\"fad9355\" data-element_type=\"container\">\n\t\t\t\t<div class=\"elementor-element elementor-element-1b69460 elementor-widget elementor-widget-text-editor\" data-id=\"1b69460\" data-element_type=\"widget\" data-widget_type=\"text-editor.default\">\n\t\t\t\t<div class=\"elementor-widget-container\">\n\t\t\t\t\t\t\t\t\t<h5>Str\u00e1nku Slovenskej diabetologickej spolo\u010dnosti n\u00e1jdete <a href=\"http:\/\/www.diaslovakia.sk\" target=\"_blank\" rel=\"noopener\"><u>TU<\/u>.<\/a><\/h5>\t\t\t\t\t\t\t\t<\/div>\n\t\t\t\t<\/div>\n\t\t\t\t<div class=\"elementor-element elementor-element-84d0478 elementor-widget elementor-widget-image\" data-id=\"84d0478\" data-element_type=\"widget\" data-widget_type=\"image.default\">\n\t\t\t\t<div class=\"elementor-widget-container\">\n\t\t\t\t\t\t\t\t\t\t\t\t\t\t\t<img fetchpriority=\"high\" decoding=\"async\" width=\"800\" height=\"203\" src=\"https:\/\/diadni.sk\/2025\/wp-content\/uploads\/2021\/02\/Logo_SDS-01.png\" class=\"attachment-full size-full wp-image-194\" alt=\"\" srcset=\"https:\/\/diadni.sk\/2025\/wp-content\/uploads\/2021\/02\/Logo_SDS-01.png 800w, https:\/\/diadni.sk\/2025\/wp-content\/uploads\/2021\/02\/Logo_SDS-01-300x76.png 300w, https:\/\/diadni.sk\/2025\/wp-content\/uploads\/2021\/02\/Logo_SDS-01-768x195.png 768w, https:\/\/diadni.sk\/2025\/wp-content\/uploads\/2021\/02\/Logo_SDS-01-200x51.png 200w, https:\/\/diadni.sk\/2025\/wp-content\/uploads\/2021\/02\/Logo_SDS-01-400x102.png 400w, https:\/\/diadni.sk\/2025\/wp-content\/uploads\/2021\/02\/Logo_SDS-01-600x152.png 600w\" sizes=\"(max-width: 800px) 100vw, 800px\" \/>\t\t\t\t\t\t\t\t\t\t\t\t\t\t\t<\/div>\n\t\t\t\t<\/div>\n\t\t\t\t<\/div>\n\t\t\t\t\t<\/div>\n\t\t\t\t<\/div>\n\t\t\t\t<\/div>\n\t\t","protected":false},"excerpt":{"rendered":"<p>Str\u00c3\u00a1nku Slovenskej diabetologickej spolo\u00c4\u008dnosti n\u00c3\u00a1jdete TU.<\/p>\n","protected":false},"author":1,"featured_media":0,"parent":0,"menu_order":0,"comment_status":"closed","ping_status":"closed","template":"","meta":{"footnotes":""},"class_list":["post-177","page","type-page","status-publish","hentry"],"_links":{"self":[{"href":"https:\/\/diadni.sk\/2025\/wp-json\/wp\/v2\/pages\/177","targetHints":{"allow":["GET"]}}],"collection":[{"href":"https:\/\/diadni.sk\/2025\/wp-json\/wp\/v2\/pages"}],"about":[{"href":"https:\/\/diadni.sk\/2025\/wp-json\/wp\/v2\/types\/page"}],"author":[{"embeddable":true,"href":"https:\/\/diadni.sk\/2025\/wp-json\/wp\/v2\/users\/1"}],"replies":[{"embeddable":true,"href":"https:\/\/diadni.sk\/2025\/wp-json\/wp\/v2\/comments?post=177"}],"version-history":[{"count":18,"href":"https:\/\/diadni.sk\/2025\/wp-json\/wp\/v2\/pages\/177\/revisions"}],"predecessor-version":[{"id":1881,"href":"https:\/\/diadni.sk\/2025\/wp-json\/wp\/v2\/pages\/177\/revisions\/1881"}],"wp:attachment":[{"href":"https:\/\/diadni.sk\/2025\/wp-json\/wp\/v2\/media?parent=177"}],"curies":[{"name":"wp","href":"https:\/\/api.w.org\/{rel}","templated":true}]}}