{"id":138,"date":"2021-02-24T12:10:44","date_gmt":"2021-02-24T11:10:44","guid":{"rendered":"https:\/\/diadni.sk\/2025\/?page_id=138"},"modified":"2025-01-27T17:43:12","modified_gmt":"2025-01-27T16:43:12","slug":"kontakt","status":"publish","type":"page","link":"https:\/\/diadni.sk\/2025\/kontakt\/","title":{"rendered":"Kontakt"},"content":{"rendered":"\t\t<div data-elementor-type=\"wp-page\" data-elementor-id=\"138\" class=\"elementor elementor-138\" data-elementor-post-type=\"page\">\n\t\t\t\t<div class=\"elementor-element elementor-element-9d07531 e-flex e-con-boxed e-con e-parent\" data-id=\"9d07531\" data-element_type=\"container\" data-settings=\"{&quot;background_background&quot;:&quot;classic&quot;}\">\n\t\t\t\t\t<div class=\"e-con-inner\">\n\t\t<div class=\"elementor-element elementor-element-42a90ec e-con-full e-flex e-con e-child\" data-id=\"42a90ec\" data-element_type=\"container\">\n\t\t\t\t<\/div>\n\t\t\t\t\t<\/div>\n\t\t\t\t<\/div>\n\t\t<div class=\"elementor-element elementor-element-c4a348d e-flex e-con-boxed e-con e-parent\" data-id=\"c4a348d\" data-element_type=\"container\">\n\t\t\t\t\t<div class=\"e-con-inner\">\n\t\t<div class=\"elementor-element elementor-element-22db160f e-con-full e-flex e-con e-child\" data-id=\"22db160f\" data-element_type=\"container\">\n\t\t\t\t<div class=\"elementor-element elementor-element-19eee5e elementor-widget-divider--view-line_text elementor-widget-divider--element-align-center elementor-widget elementor-widget-divider\" data-id=\"19eee5e\" data-element_type=\"widget\" data-widget_type=\"divider.default\">\n\t\t\t\t<div class=\"elementor-widget-container\">\n\t\t\t\t\t\t\t<div class=\"elementor-divider\">\n\t\t\t<span class=\"elementor-divider-separator\">\n\t\t\t\t\t\t\t<span class=\"elementor-divider__text elementor-divider__element\">\n\t\t\t\tPREZIDENT KONGRESU\t\t\t\t<\/span>\n\t\t\t\t\t\t<\/span>\n\t\t<\/div>\n\t\t\t\t\t\t<\/div>\n\t\t\t\t<\/div>\n\t\t\t\t<div class=\"elementor-element elementor-element-1f6df29 elementor-widget elementor-widget-image-box\" data-id=\"1f6df29\" data-element_type=\"widget\" data-widget_type=\"image-box.default\">\n\t\t\t\t<div class=\"elementor-widget-container\">\n\t\t\t\t\t<div class=\"elementor-image-box-wrapper\"><div class=\"elementor-image-box-content\"><h3 class=\"elementor-image-box-title\">doc. MUDr. Viera Doni\u010dov\u00e1, PhD. , MBA<\/h3><p class=\"elementor-image-box-description\">predseda@diaslovakia.sk<\/p><\/div><\/div>\t\t\t\t<\/div>\n\t\t\t\t<\/div>\n\t\t\t\t<div class=\"elementor-element elementor-element-2a0b376 elementor-widget-divider--view-line_text elementor-widget-divider--element-align-center elementor-widget elementor-widget-divider\" data-id=\"2a0b376\" data-element_type=\"widget\" data-widget_type=\"divider.default\">\n\t\t\t\t<div class=\"elementor-widget-container\">\n\t\t\t\t\t\t\t<div class=\"elementor-divider\">\n\t\t\t<span class=\"elementor-divider-separator\">\n\t\t\t\t\t\t\t<span class=\"elementor-divider__text elementor-divider__element\">\n\t\t\t\tPREDSEDA PROGRAMOV\u00c9HO V\u00ddBORU\t\t\t\t<\/span>\n\t\t\t\t\t\t<\/span>\n\t\t<\/div>\n\t\t\t\t\t\t<\/div>\n\t\t\t\t<\/div>\n\t\t\t\t<div class=\"elementor-element elementor-element-00fb633 elementor-widget elementor-widget-image-box\" data-id=\"00fb633\" data-element_type=\"widget\" data-widget_type=\"image-box.default\">\n\t\t\t\t<div class=\"elementor-widget-container\">\n\t\t\t\t\t<div class=\"elementor-image-box-wrapper\"><div class=\"elementor-image-box-content\"><h3 class=\"elementor-image-box-title\">doc. MUDr. Zbynek Schroner, PhD.<\/h3><p class=\"elementor-image-box-description\">podpredseda@diaslovakia.sk<\/p><\/div><\/div>\t\t\t\t<\/div>\n\t\t\t\t<\/div>\n\t\t\t\t<\/div>\n\t\t<div class=\"elementor-element elementor-element-7839f9f6 e-con-full e-flex e-con e-child\" data-id=\"7839f9f6\" data-element_type=\"container\">\n\t\t\t\t<div class=\"elementor-element elementor-element-686fc8ad elementor-widget-divider--view-line_text elementor-widget-divider--element-align-center elementor-widget elementor-widget-divider\" data-id=\"686fc8ad\" data-element_type=\"widget\" data-widget_type=\"divider.default\">\n\t\t\t\t<div class=\"elementor-widget-container\">\n\t\t\t\t\t\t\t<div class=\"elementor-divider\">\n\t\t\t<span class=\"elementor-divider-separator\">\n\t\t\t\t\t\t\t<span class=\"elementor-divider__text elementor-divider__element\">\n\t\t\t\tKontaktn\u00e1 osoba\t\t\t\t<\/span>\n\t\t\t\t\t\t<\/span>\n\t\t<\/div>\n\t\t\t\t\t\t<\/div>\n\t\t\t\t<\/div>\n\t\t\t\t<div class=\"elementor-element elementor-element-266324ff elementor-widget elementor-widget-image-box\" data-id=\"266324ff\" data-element_type=\"widget\" data-widget_type=\"image-box.default\">\n\t\t\t\t<div class=\"elementor-widget-container\">\n\t\t\t\t\t<div class=\"elementor-image-box-wrapper\"><div class=\"elementor-image-box-content\"><h3 class=\"elementor-image-box-title\">Mgr. Viera Kubal\u00edkov\u00e1<\/h3><p class=\"elementor-image-box-description\">+421 911 454 291<\/br>\nviera.kubalikova@tajpan.com<\/p><\/div><\/div>\t\t\t\t<\/div>\n\t\t\t\t<\/div>\n\t\t\t\t<div class=\"elementor-element elementor-element-64e8c5ea elementor-widget-divider--view-line_text elementor-widget-divider--element-align-center elementor-widget elementor-widget-divider\" data-id=\"64e8c5ea\" data-element_type=\"widget\" data-widget_type=\"divider.default\">\n\t\t\t\t<div class=\"elementor-widget-container\">\n\t\t\t\t\t\t\t<div class=\"elementor-divider\">\n\t\t\t<span class=\"elementor-divider-separator\">\n\t\t\t\t\t\t\t<span class=\"elementor-divider__text elementor-divider__element\">\n\t\t\t\tOrganiza\u010dn\u00e9 zabezpe\u010denie\t\t\t\t<\/span>\n\t\t\t\t\t\t<\/span>\n\t\t<\/div>\n\t\t\t\t\t\t<\/div>\n\t\t\t\t<\/div>\n\t\t\t\t<div class=\"elementor-element elementor-element-79454857 elementor-position-top elementor-widget elementor-widget-image-box\" data-id=\"79454857\" data-element_type=\"widget\" data-widget_type=\"image-box.default\">\n\t\t\t\t<div class=\"elementor-widget-container\">\n\t\t\t\t\t<div class=\"elementor-image-box-wrapper\"><figure class=\"elementor-image-box-img\"><img decoding=\"async\" width=\"150\" height=\"75\" src=\"https:\/\/diadni.sk\/2025\/wp-content\/uploads\/2024\/01\/tajpan.png\" class=\"attachment-full size-full wp-image-1338\" alt=\"\" \/><\/figure><div class=\"elementor-image-box-content\"><h3 class=\"elementor-image-box-title\">TAJPAN s.r.o.<\/h3><p class=\"elementor-image-box-description\">Hrachov\u00e1 6<\/br>\n821 06 Bratislava<\/br>\nSlovensk\u00e1 republika<\/br>\n<\/br>\nI\u010cO: 35 910 828<\/br>\nDI\u010c: 2021915357<\/br>\nI\u010c DPH: SK2021915357<\/p><\/div><\/div>\t\t\t\t<\/div>\n\t\t\t\t<\/div>\n\t\t\t\t<\/div>\n\t\t\t\t\t<\/div>\n\t\t\t\t<\/div>\n\t\t\t\t<\/div>\n\t\t","protected":false},"excerpt":{"rendered":"<p>PREZIDENT KONGRESU doc. MUDr. Viera Doni\u00c4\u008dov\u00c3\u00a1, PhD. , MBA predseda@diaslovakia.sk PREDSEDA PROGRAMOV\u00c3\u2030HO V\u00c3\u009dBORU doc. MUDr. Zbynek Schroner, PhD. podpredseda@diaslovakia.sk Kontaktn\u00c3\u00a1 osoba Mgr. Viera Kubal\u00c3\u00adkov\u00c3\u00a1 +421 911 454 291 viera.kubalikova@tajpan.com Organiza\u00c4\u008dn\u00c3\u00a9 zabezpe\u00c4\u008denie TAJPAN s.r.o. Hrachov\u00c3\u00a1 6 821 06 Bratislava Slovensk\u00c3\u00a1 republika I\u00c4\u0152O: 35 910 828 DI\u00c4\u0152: 2021915357 I\u00c4\u0152 DPH: SK2021915357<\/p>\n","protected":false},"author":1,"featured_media":1925,"parent":0,"menu_order":0,"comment_status":"closed","ping_status":"closed","template":"","meta":{"footnotes":""},"class_list":["post-138","page","type-page","status-publish","has-post-thumbnail","hentry"],"_links":{"self":[{"href":"https:\/\/diadni.sk\/2025\/wp-json\/wp\/v2\/pages\/138","targetHints":{"allow":["GET"]}}],"collection":[{"href":"https:\/\/diadni.sk\/2025\/wp-json\/wp\/v2\/pages"}],"about":[{"href":"https:\/\/diadni.sk\/2025\/wp-json\/wp\/v2\/types\/page"}],"author":[{"embeddable":true,"href":"https:\/\/diadni.sk\/2025\/wp-json\/wp\/v2\/users\/1"}],"replies":[{"embeddable":true,"href":"https:\/\/diadni.sk\/2025\/wp-json\/wp\/v2\/comments?post=138"}],"version-history":[{"count":29,"href":"https:\/\/diadni.sk\/2025\/wp-json\/wp\/v2\/pages\/138\/revisions"}],"predecessor-version":[{"id":1935,"href":"https:\/\/diadni.sk\/2025\/wp-json\/wp\/v2\/pages\/138\/revisions\/1935"}],"wp:featuredmedia":[{"embeddable":true,"href":"https:\/\/diadni.sk\/2025\/wp-json\/wp\/v2\/media\/1925"}],"wp:attachment":[{"href":"https:\/\/diadni.sk\/2025\/wp-json\/wp\/v2\/media?parent=138"}],"curies":[{"name":"wp","href":"https:\/\/api.w.org\/{rel}","templated":true}]}}