{"id":1375,"date":"2024-03-27T15:03:44","date_gmt":"2024-03-27T14:03:44","guid":{"rendered":"https:\/\/diadni.sk\/2025\/?page_id=1375"},"modified":"2025-05-16T13:28:18","modified_gmt":"2025-05-16T11:28:18","slug":"sprievodny-program","status":"publish","type":"page","link":"https:\/\/diadni.sk\/2025\/sprievodny-program\/","title":{"rendered":"Sprievodn\u00fd program"},"content":{"rendered":"\t\t<div data-elementor-type=\"wp-page\" data-elementor-id=\"1375\" class=\"elementor elementor-1375\" data-elementor-post-type=\"page\">\n\t\t\t\t<div class=\"elementor-element elementor-element-b455e2b e-flex e-con-boxed e-con e-parent\" data-id=\"b455e2b\" data-element_type=\"container\" data-settings=\"{&quot;background_background&quot;:&quot;classic&quot;}\">\n\t\t\t\t\t<div class=\"e-con-inner\">\n\t\t<div class=\"elementor-element elementor-element-d86985d e-con-full e-flex e-con e-child\" data-id=\"d86985d\" data-element_type=\"container\">\n\t\t\t\t<\/div>\n\t\t\t\t\t<\/div>\n\t\t\t\t<\/div>\n\t\t<div class=\"elementor-element elementor-element-f92d276 elementor-hidden-desktop elementor-hidden-tablet elementor-hidden-mobile e-flex e-con-boxed e-con e-parent\" data-id=\"f92d276\" data-element_type=\"container\">\n\t\t\t\t\t<div class=\"e-con-inner\">\n\t\t\t\t<div class=\"elementor-element elementor-element-d36e397 animated-slow elementor-invisible elementor-widget elementor-widget-heading\" data-id=\"d36e397\" data-element_type=\"widget\" data-settings=\"{&quot;_animation&quot;:&quot;fadeInDown&quot;}\" data-widget_type=\"heading.default\">\n\t\t\t\t<div class=\"elementor-widget-container\">\n\t\t\t\t\t<h2 class=\"elementor-heading-title elementor-size-default\">Str\u00e1nku pripravujeme<\/h2>\t\t\t\t<\/div>\n\t\t\t\t<\/div>\n\t\t\t\t\t<\/div>\n\t\t\t\t<\/div>\n\t\t<div class=\"elementor-element elementor-element-d4d8506 e-flex e-con-boxed e-con e-parent\" data-id=\"d4d8506\" data-element_type=\"container\">\n\t\t\t\t\t<div class=\"e-con-inner\">\n\t\t\t\t<div class=\"elementor-element elementor-element-d906711 elementor-widget elementor-widget-heading\" data-id=\"d906711\" data-element_type=\"widget\" data-widget_type=\"heading.default\">\n\t\t\t\t<div class=\"elementor-widget-container\">\n\t\t\t\t\t<h2 class=\"elementor-heading-title elementor-size-default\">PETER BI\u010c so skupinou (akustick\u00e1 verzia)<\/h2>\t\t\t\t<\/div>\n\t\t\t\t<\/div>\n\t\t\t\t<div class=\"elementor-element elementor-element-2cca7d6 elementor-widget-divider--view-line_text elementor-widget-divider--element-align-center elementor-widget elementor-widget-divider\" data-id=\"2cca7d6\" data-element_type=\"widget\" data-widget_type=\"divider.default\">\n\t\t\t\t<div class=\"elementor-widget-container\">\n\t\t\t\t\t\t\t<div class=\"elementor-divider\">\n\t\t\t<span class=\"elementor-divider-separator\">\n\t\t\t\t\t\t\t<span class=\"elementor-divider__text elementor-divider__element\">\n\t\t\t\tTerm\u00edn\t\t\t\t<\/span>\n\t\t\t\t\t\t<\/span>\n\t\t<\/div>\n\t\t\t\t\t\t<\/div>\n\t\t\t\t<\/div>\n\t\t\t\t<div class=\"elementor-element elementor-element-c1be725 elementor-widget elementor-widget-text-editor\" data-id=\"c1be725\" data-element_type=\"widget\" data-widget_type=\"text-editor.default\">\n\t\t\t\t<div class=\"elementor-widget-container\">\n\t\t\t\t\t\t\t\t\t<p>Sprievodn\u00fd program sa uskuto\u010dn\u00ed v druh\u00fd de\u0148 konferencie, t. j. d\u0148a <b>30.5.2025\u00a0o\u00a021:30 hod.<\/b><\/p>\t\t\t\t\t\t\t\t<\/div>\n\t\t\t\t<\/div>\n\t\t\t\t<div class=\"elementor-element elementor-element-d9ac783 elementor-widget-divider--view-line_text elementor-widget-divider--element-align-center elementor-widget elementor-widget-divider\" data-id=\"d9ac783\" data-element_type=\"widget\" data-widget_type=\"divider.default\">\n\t\t\t\t<div class=\"elementor-widget-container\">\n\t\t\t\t\t\t\t<div class=\"elementor-divider\">\n\t\t\t<span class=\"elementor-divider-separator\">\n\t\t\t\t\t\t\t<span class=\"elementor-divider__text elementor-divider__element\">\n\t\t\t\tMiesto konania\t\t\t\t<\/span>\n\t\t\t\t\t\t<\/span>\n\t\t<\/div>\n\t\t\t\t\t\t<\/div>\n\t\t\t\t<\/div>\n\t\t\t\t<div class=\"elementor-element elementor-element-297961d elementor-widget elementor-widget-text-editor\" data-id=\"297961d\" data-element_type=\"widget\" data-widget_type=\"text-editor.default\">\n\t\t\t\t<div class=\"elementor-widget-container\">\n\t\t\t\t\t\t\t\t\t<p>Sprievodn\u00fd program sa uskuto\u010dn\u00ed v Hlavnej kongresovej s\u00e1le v hoteli Patria<\/p>\t\t\t\t\t\t\t\t<\/div>\n\t\t\t\t<\/div>\n\t\t\t\t<div class=\"elementor-element elementor-element-f5873ca elementor-widget-divider--view-line_text elementor-widget-divider--element-align-center elementor-widget elementor-widget-divider\" data-id=\"f5873ca\" data-element_type=\"widget\" data-widget_type=\"divider.default\">\n\t\t\t\t<div class=\"elementor-widget-container\">\n\t\t\t\t\t\t\t<div class=\"elementor-divider\">\n\t\t\t<span class=\"elementor-divider-separator\">\n\t\t\t\t\t\t\t<span class=\"elementor-divider__text elementor-divider__element\">\n\t\t\t\tPoplatok\t\t\t\t<\/span>\n\t\t\t\t\t\t<\/span>\n\t\t<\/div>\n\t\t\t\t\t\t<\/div>\n\t\t\t\t<\/div>\n\t\t\t\t<div class=\"elementor-element elementor-element-9320519 elementor-widget elementor-widget-text-editor\" data-id=\"9320519\" data-element_type=\"widget\" data-widget_type=\"text-editor.default\">\n\t\t\t\t<div class=\"elementor-widget-container\">\n\t\t\t\t\t\t\t\t\t<p style=\"font-weight: 400;\">Vstup na vyst\u00fapenie je spoplatnen\u00fd sumou vo v\u00fd\u0161ke <strong>20,- EUR<\/strong> vr\u00e1tane DPH. Poplatok za sprievodn\u00fd program nie je s\u00fa\u010das\u0165ou registra\u010dn\u00e9ho poplatku za \u00fa\u010das\u0165 na konferencii a poplatku za ve\u010deru, ka\u017ed\u00fd \u00fa\u010dastn\u00edk si ho hrad\u00ed z vlastn\u00fdch prostriedkov.<\/p><p style=\"font-weight: 400;\">Vstupenku bude mo\u017en\u00e9 rezervova\u0165 v\u00a0Preh\u013eadovom formul\u00e1ri (firmy) alebo zak\u00fapi\u0165 priamo na mieste pri registr\u00e1cii.<\/p><p style=\"font-weight: 400;\">Vyst\u00fapenie nie je s\u00fa\u010das\u0165ou ve\u010dere, bude prebieha\u0165 v\u00a0priestoroch Hlavnej kongresovej s\u00e1ly po skon\u010den\u00ed odborn\u00e9ho programu. \u00a0<\/p>\t\t\t\t\t\t\t\t<\/div>\n\t\t\t\t<\/div>\n\t\t\t\t<div class=\"elementor-element elementor-element-847007b elementor-widget-divider--view-line_text elementor-widget-divider--element-align-center elementor-widget elementor-widget-divider\" data-id=\"847007b\" data-element_type=\"widget\" data-widget_type=\"divider.default\">\n\t\t\t\t<div class=\"elementor-widget-container\">\n\t\t\t\t\t\t\t<div class=\"elementor-divider\">\n\t\t\t<span class=\"elementor-divider-separator\">\n\t\t\t\t\t\t\t<span class=\"elementor-divider__text elementor-divider__element\">\n\t\t\t\t\u00da\u010das\u0165\t\t\t\t<\/span>\n\t\t\t\t\t\t<\/span>\n\t\t<\/div>\n\t\t\t\t\t\t<\/div>\n\t\t\t\t<\/div>\n\t\t\t\t<div class=\"elementor-element elementor-element-03589e5 elementor-widget elementor-widget-text-editor\" data-id=\"03589e5\" data-element_type=\"widget\" data-widget_type=\"text-editor.default\">\n\t\t\t\t<div class=\"elementor-widget-container\">\n\t\t\t\t\t\t\t\t\t<p class=\"Default\">\u00da\u010das\u0165 na sprievodnom programe je <b>dobrovol&#8217;n\u00e1<\/b><b>.<\/b><\/p>\t\t\t\t\t\t\t\t<\/div>\n\t\t\t\t<\/div>\n\t\t\t\t\t<\/div>\n\t\t\t\t<\/div>\n\t\t\t\t<\/div>\n\t\t","protected":false},"excerpt":{"rendered":"<p>Str\u00c3\u00a1nku pripravujeme PETER BI\u00c4\u0152 so skupinou (akustick\u00c3\u00a1 verzia) Term\u00c3\u00adn Sprievodn\u00c3\u00bd program sa uskuto\u00c4\u008dn\u00c3\u00ad v druh\u00c3\u00bd de\u00c5\u02c6 konferencie, t. j. d\u00c5\u02c6a 30.5.2025\u00c2\u00a0o\u00c2\u00a021:30 hod. Miesto konania Sprievodn\u00c3\u00bd program sa uskuto\u00c4\u008dn\u00c3\u00ad v Hlavnej kongresovej s\u00c3\u00a1le v hoteli Patria Poplatok Vstup na vyst\u00c3\u00bapenie je spoplatnen\u00c3\u00bd sumou vo v\u00c3\u00bd\u00c5\u00a1ke 20,- EUR vr\u00c3\u00a1tane DPH. Poplatok za sprievodn\u00c3\u00bd program nie je s\u00c3\u00ba\u00c4\u008das\u00c5\u00a5ou [&hellip;]<\/p>\n","protected":false},"author":27,"featured_media":0,"parent":0,"menu_order":0,"comment_status":"closed","ping_status":"closed","template":"","meta":{"footnotes":""},"class_list":["post-1375","page","type-page","status-publish","hentry"],"_links":{"self":[{"href":"https:\/\/diadni.sk\/2025\/wp-json\/wp\/v2\/pages\/1375","targetHints":{"allow":["GET"]}}],"collection":[{"href":"https:\/\/diadni.sk\/2025\/wp-json\/wp\/v2\/pages"}],"about":[{"href":"https:\/\/diadni.sk\/2025\/wp-json\/wp\/v2\/types\/page"}],"author":[{"embeddable":true,"href":"https:\/\/diadni.sk\/2025\/wp-json\/wp\/v2\/users\/27"}],"replies":[{"embeddable":true,"href":"https:\/\/diadni.sk\/2025\/wp-json\/wp\/v2\/comments?post=1375"}],"version-history":[{"count":24,"href":"https:\/\/diadni.sk\/2025\/wp-json\/wp\/v2\/pages\/1375\/revisions"}],"predecessor-version":[{"id":2176,"href":"https:\/\/diadni.sk\/2025\/wp-json\/wp\/v2\/pages\/1375\/revisions\/2176"}],"wp:attachment":[{"href":"https:\/\/diadni.sk\/2025\/wp-json\/wp\/v2\/media?parent=1375"}],"curies":[{"name":"wp","href":"https:\/\/api.w.org\/{rel}","templated":true}]}}