{"id":177,"date":"2021-02-24T16:54:44","date_gmt":"2021-02-24T15:54:44","guid":{"rendered":"https:\/\/diadni.sk\/2023\/?page_id=177"},"modified":"2023-02-15T21:18:14","modified_gmt":"2023-02-15T20:18:14","slug":"sds","status":"publish","type":"page","link":"https:\/\/diadni.sk\/2023\/sds\/","title":{"rendered":"SDS"},"content":{"rendered":"\t\t<div data-elementor-type=\"wp-page\" data-elementor-id=\"177\" class=\"elementor elementor-177\" data-elementor-post-type=\"page\">\n\t\t\t\t\t\t<section class=\"elementor-section elementor-top-section elementor-element elementor-element-22f5bd38 elementor-section-height-min-height elementor-section-boxed elementor-section-height-default elementor-section-items-middle\" data-id=\"22f5bd38\" data-element_type=\"section\" data-settings=\"{&quot;background_background&quot;:&quot;classic&quot;}\">\n\t\t\t\t\t\t<div class=\"elementor-container elementor-column-gap-default\">\n\t\t\t\t\t<div class=\"elementor-column elementor-col-100 elementor-top-column elementor-element elementor-element-4f74834f\" data-id=\"4f74834f\" data-element_type=\"column\">\n\t\t\t<div class=\"elementor-widget-wrap elementor-element-populated\">\n\t\t\t\t\t\t\t<\/div>\n\t\t<\/div>\n\t\t\t\t\t<\/div>\n\t\t<\/section>\n\t\t\t\t<section class=\"elementor-section elementor-top-section elementor-element elementor-element-a46e3b8 animated-slow elementor-section-boxed elementor-section-height-default elementor-section-height-default elementor-invisible\" data-id=\"a46e3b8\" data-element_type=\"section\" data-settings=\"{&quot;animation&quot;:&quot;fadeIn&quot;}\">\n\t\t\t\t\t\t<div class=\"elementor-container elementor-column-gap-default\">\n\t\t\t\t\t<div class=\"elementor-column elementor-col-100 elementor-top-column elementor-element elementor-element-35be8396\" data-id=\"35be8396\" data-element_type=\"column\">\n\t\t\t<div class=\"elementor-widget-wrap elementor-element-populated\">\n\t\t\t\t\t\t<div class=\"elementor-element elementor-element-964e14c elementor-widget elementor-widget-text-editor\" data-id=\"964e14c\" data-element_type=\"widget\" data-widget_type=\"text-editor.default\">\n\t\t\t\t<div class=\"elementor-widget-container\">\n\t\t\t\t\t\t\t\t\t<h5>Str\u00e1nku Slovenskej diabetologickej spolo\u010dnosti n\u00e1jdete <a href=\"http:\/\/www.diaslovakia.sk\" target=\"_blank\" rel=\"noopener\"><u>TU<\/u>.<\/a><\/h5>\t\t\t\t\t\t\t\t<\/div>\n\t\t\t\t<\/div>\n\t\t\t\t<div class=\"elementor-element elementor-element-e3801a3 elementor-widget elementor-widget-image\" data-id=\"e3801a3\" data-element_type=\"widget\" data-widget_type=\"image.default\">\n\t\t\t\t<div class=\"elementor-widget-container\">\n\t\t\t\t\t\t\t\t\t\t\t\t\t\t\t<img fetchpriority=\"high\" decoding=\"async\" width=\"800\" height=\"203\" src=\"https:\/\/diadni.sk\/2023\/wp-content\/uploads\/2021\/02\/Logo_SDS-01.png\" class=\"attachment-full size-full wp-image-194\" alt=\"\" srcset=\"https:\/\/diadni.sk\/2023\/wp-content\/uploads\/2021\/02\/Logo_SDS-01.png 800w, https:\/\/diadni.sk\/2023\/wp-content\/uploads\/2021\/02\/Logo_SDS-01-300x76.png 300w, https:\/\/diadni.sk\/2023\/wp-content\/uploads\/2021\/02\/Logo_SDS-01-768x195.png 768w, https:\/\/diadni.sk\/2023\/wp-content\/uploads\/2021\/02\/Logo_SDS-01-200x51.png 200w, https:\/\/diadni.sk\/2023\/wp-content\/uploads\/2021\/02\/Logo_SDS-01-400x102.png 400w, https:\/\/diadni.sk\/2023\/wp-content\/uploads\/2021\/02\/Logo_SDS-01-600x152.png 600w\" sizes=\"(max-width: 800px) 100vw, 800px\" \/>\t\t\t\t\t\t\t\t\t\t\t\t\t\t\t<\/div>\n\t\t\t\t<\/div>\n\t\t\t\t\t<\/div>\n\t\t<\/div>\n\t\t\t\t\t<\/div>\n\t\t<\/section>\n\t\t\t\t<\/div>\n\t\t","protected":false},"excerpt":{"rendered":"<p>Str\u00c3\u00a1nku Slovenskej diabetologickej spolo\u00c4\u008dnosti n\u00c3\u00a1jdete TU.<\/p>\n","protected":false},"author":1,"featured_media":0,"parent":0,"menu_order":0,"comment_status":"closed","ping_status":"closed","template":"","meta":{"footnotes":""},"class_list":["post-177","page","type-page","status-publish","hentry"],"_links":{"self":[{"href":"https:\/\/diadni.sk\/2023\/wp-json\/wp\/v2\/pages\/177","targetHints":{"allow":["GET"]}}],"collection":[{"href":"https:\/\/diadni.sk\/2023\/wp-json\/wp\/v2\/pages"}],"about":[{"href":"https:\/\/diadni.sk\/2023\/wp-json\/wp\/v2\/types\/page"}],"author":[{"embeddable":true,"href":"https:\/\/diadni.sk\/2023\/wp-json\/wp\/v2\/users\/1"}],"replies":[{"embeddable":true,"href":"https:\/\/diadni.sk\/2023\/wp-json\/wp\/v2\/comments?post=177"}],"version-history":[{"count":12,"href":"https:\/\/diadni.sk\/2023\/wp-json\/wp\/v2\/pages\/177\/revisions"}],"predecessor-version":[{"id":873,"href":"https:\/\/diadni.sk\/2023\/wp-json\/wp\/v2\/pages\/177\/revisions\/873"}],"wp:attachment":[{"href":"https:\/\/diadni.sk\/2023\/wp-json\/wp\/v2\/media?parent=177"}],"curies":[{"name":"wp","href":"https:\/\/api.w.org\/{rel}","templated":true}]}}