{"id":132,"date":"2021-02-24T12:09:55","date_gmt":"2021-02-24T11:09:55","guid":{"rendered":"https:\/\/diadni.sk\/2023\/?page_id=132"},"modified":"2023-05-12T13:17:23","modified_gmt":"2023-05-12T11:17:23","slug":"domov","status":"publish","type":"page","link":"https:\/\/diadni.sk\/2023\/","title":{"rendered":"Domov"},"content":{"rendered":"\t\t<div data-elementor-type=\"wp-page\" data-elementor-id=\"132\" class=\"elementor elementor-132\" data-elementor-post-type=\"page\">\n\t\t\t\t\t\t<section class=\"elementor-section elementor-top-section elementor-element elementor-element-ec98511 elementor-section-height-min-height elementor-section-items-top elementor-section-boxed elementor-section-height-default\" data-id=\"ec98511\" data-element_type=\"section\" data-settings=\"{&quot;background_background&quot;:&quot;classic&quot;}\">\n\t\t\t\t\t\t\t<div class=\"elementor-background-overlay\"><\/div>\n\t\t\t\t\t\t\t<div class=\"elementor-container elementor-column-gap-default\">\n\t\t\t\t\t<div class=\"elementor-column elementor-col-100 elementor-top-column elementor-element elementor-element-7172cde\" data-id=\"7172cde\" data-element_type=\"column\">\n\t\t\t<div class=\"elementor-widget-wrap elementor-element-populated\">\n\t\t\t\t\t\t<section class=\"elementor-section elementor-inner-section elementor-element elementor-element-fc9e10e elementor-section-boxed elementor-section-height-default elementor-section-height-default\" data-id=\"fc9e10e\" data-element_type=\"section\">\n\t\t\t\t\t\t<div class=\"elementor-container elementor-column-gap-default\">\n\t\t\t\t\t<div class=\"elementor-column elementor-col-100 elementor-inner-column elementor-element elementor-element-033f514\" data-id=\"033f514\" data-element_type=\"column\">\n\t\t\t<div class=\"elementor-widget-wrap elementor-element-populated\">\n\t\t\t\t\t\t<div class=\"elementor-element elementor-element-8ba3d44 elementor-invisible elementor-widget elementor-widget-heading\" data-id=\"8ba3d44\" data-element_type=\"widget\" data-settings=\"{&quot;_animation&quot;:&quot;fadeInLeft&quot;}\" data-widget_type=\"heading.default\">\n\t\t\t\t<div class=\"elementor-widget-container\">\n\t\t\t\t\t<h2 class=\"elementor-heading-title elementor-size-default\">XXXIII.<\/h2>\t\t\t\t<\/div>\n\t\t\t\t<\/div>\n\t\t\t\t<div class=\"elementor-element elementor-element-72103c4 animated-slow elementor-invisible elementor-widget elementor-widget-heading\" data-id=\"72103c4\" data-element_type=\"widget\" data-settings=\"{&quot;_animation&quot;:&quot;fadeInLeft&quot;}\" data-widget_type=\"heading.default\">\n\t\t\t\t<div class=\"elementor-widget-container\">\n\t\t\t\t\t<h2 class=\"elementor-heading-title elementor-size-default\">Diabetologick\u00e9 dni<\/h2>\t\t\t\t<\/div>\n\t\t\t\t<\/div>\n\t\t\t\t<div class=\"elementor-element elementor-element-d2edc24 animated-slow elementor-widget-divider--view-line elementor-invisible elementor-widget elementor-widget-divider\" data-id=\"d2edc24\" data-element_type=\"widget\" data-settings=\"{&quot;_animation&quot;:&quot;zoomIn&quot;}\" data-widget_type=\"divider.default\">\n\t\t\t\t<div class=\"elementor-widget-container\">\n\t\t\t\t\t\t\t<div class=\"elementor-divider\">\n\t\t\t<span class=\"elementor-divider-separator\">\n\t\t\t\t\t\t<\/span>\n\t\t<\/div>\n\t\t\t\t\t\t<\/div>\n\t\t\t\t<\/div>\n\t\t\t\t<div class=\"elementor-element elementor-element-8cf7caa animated-slow elementor-invisible elementor-widget elementor-widget-heading\" data-id=\"8cf7caa\" data-element_type=\"widget\" data-settings=\"{&quot;_animation&quot;:&quot;fadeInLeft&quot;,&quot;_animation_delay&quot;:300}\" data-widget_type=\"heading.default\">\n\t\t\t\t<div class=\"elementor-widget-container\">\n\t\t\t\t\t<h2 class=\"elementor-heading-title elementor-size-default\">25. - 27. m\u00e1j 2023<\/h2>\t\t\t\t<\/div>\n\t\t\t\t<\/div>\n\t\t\t\t<div class=\"elementor-element elementor-element-2572709 animated-slow elementor-invisible elementor-widget elementor-widget-heading\" data-id=\"2572709\" data-element_type=\"widget\" data-settings=\"{&quot;_animation&quot;:&quot;fadeInLeft&quot;,&quot;_animation_delay&quot;:300}\" data-widget_type=\"heading.default\">\n\t\t\t\t<div class=\"elementor-widget-container\">\n\t\t\t\t\t<h2 class=\"elementor-heading-title elementor-size-default\">Hotel PATRIA, \u0160trbsk\u00e9 Pleso<\/h2>\t\t\t\t<\/div>\n\t\t\t\t<\/div>\n\t\t\t\t\t<\/div>\n\t\t<\/div>\n\t\t\t\t\t<\/div>\n\t\t<\/section>\n\t\t\t\t<div class=\"elementor-element elementor-element-49b1041 elementor-countdown--label-block elementor-widget elementor-widget-countdown\" data-id=\"49b1041\" data-element_type=\"widget\" data-widget_type=\"countdown.default\">\n\t\t\t\t<div class=\"elementor-widget-container\">\n\t\t\t\t\t\t\t<div class=\"elementor-countdown-wrapper\" data-date=\"1684994400\">\n\t\t\t<div class=\"elementor-countdown-item\"><span class=\"elementor-countdown-digits elementor-countdown-days\"><\/span> <span class=\"elementor-countdown-label\">Dn\u00ed<\/span><\/div><div class=\"elementor-countdown-item\"><span class=\"elementor-countdown-digits elementor-countdown-hours\"><\/span> <span class=\"elementor-countdown-label\">Hod\u00edn<\/span><\/div><div class=\"elementor-countdown-item\"><span class=\"elementor-countdown-digits elementor-countdown-minutes\"><\/span> <span class=\"elementor-countdown-label\">Min\u00fat<\/span><\/div><div class=\"elementor-countdown-item\"><span class=\"elementor-countdown-digits elementor-countdown-seconds\"><\/span> <span class=\"elementor-countdown-label\">Sek\u00fand<\/span><\/div>\t\t<\/div>\n\t\t\t\t\t\t<\/div>\n\t\t\t\t<\/div>\n\t\t\t\t<section class=\"elementor-section elementor-inner-section elementor-element elementor-element-b8a2aef elementor-section-boxed elementor-section-height-default elementor-section-height-default\" data-id=\"b8a2aef\" data-element_type=\"section\" data-settings=\"{&quot;background_background&quot;:&quot;classic&quot;}\">\n\t\t\t\t\t\t<div class=\"elementor-container elementor-column-gap-default\">\n\t\t\t\t\t<div class=\"elementor-column elementor-col-50 elementor-inner-column elementor-element elementor-element-9aa6a47\" data-id=\"9aa6a47\" data-element_type=\"column\">\n\t\t\t<div class=\"elementor-widget-wrap elementor-element-populated\">\n\t\t\t\t\t\t<div class=\"elementor-element elementor-element-a7916d4 elementor-align-justify elementor-invisible elementor-widget elementor-widget-button\" data-id=\"a7916d4\" data-element_type=\"widget\" data-settings=\"{&quot;_animation&quot;:&quot;fadeInDown&quot;,&quot;_animation_delay&quot;:300}\" data-widget_type=\"button.default\">\n\t\t\t\t<div class=\"elementor-widget-container\">\n\t\t\t\t\t\t\t\t\t<div class=\"elementor-button-wrapper\">\n\t\t\t\t\t<a class=\"elementor-button elementor-button-link elementor-size-lg elementor-animation-float\" href=\"https:\/\/diadni.sk\/2023\/registracia\/\">\n\t\t\t\t\t\t<span class=\"elementor-button-content-wrapper\">\n\t\t\t\t\t\t\t\t\t<span class=\"elementor-button-text\">Zaregistrova\u0165 sa<\/span>\n\t\t\t\t\t<\/span>\n\t\t\t\t\t<\/a>\n\t\t\t\t<\/div>\n\t\t\t\t\t\t\t\t<\/div>\n\t\t\t\t<\/div>\n\t\t\t\t<div class=\"elementor-element elementor-element-d0b9cff animated-slow elementor-invisible elementor-widget elementor-widget-text-editor\" data-id=\"d0b9cff\" data-element_type=\"widget\" data-settings=\"{&quot;_animation&quot;:&quot;fadeInUp&quot;}\" data-widget_type=\"text-editor.default\">\n\t\t\t\t<div class=\"elementor-widget-container\">\n\t\t\t\t\t\t\t\t\t<p>Registr\u00e1cia na XXXII. Diabetologick\u00e9 dni<\/p>\t\t\t\t\t\t\t\t<\/div>\n\t\t\t\t<\/div>\n\t\t\t\t\t<\/div>\n\t\t<\/div>\n\t\t\t\t<div class=\"elementor-column elementor-col-50 elementor-inner-column elementor-element elementor-element-637b61c\" data-id=\"637b61c\" data-element_type=\"column\">\n\t\t\t<div class=\"elementor-widget-wrap elementor-element-populated\">\n\t\t\t\t\t\t<div class=\"elementor-element elementor-element-37174ad elementor-align-justify elementor-invisible elementor-widget elementor-widget-button\" data-id=\"37174ad\" data-element_type=\"widget\" data-settings=\"{&quot;_animation&quot;:&quot;fadeInDown&quot;,&quot;_animation_delay&quot;:600}\" data-widget_type=\"button.default\">\n\t\t\t\t<div class=\"elementor-widget-container\">\n\t\t\t\t\t\t\t\t\t<div class=\"elementor-button-wrapper\">\n\t\t\t\t\t<a class=\"elementor-button elementor-button-link elementor-size-lg elementor-animation-float\" href=\"https:\/\/diadni.sk\/2023\/prihlasenie-abstraktu\/\">\n\t\t\t\t\t\t<span class=\"elementor-button-content-wrapper\">\n\t\t\t\t\t\t\t\t\t<span class=\"elementor-button-text\">Prihl\u00e1\u0161ka abstraktov<\/span>\n\t\t\t\t\t<\/span>\n\t\t\t\t\t<\/a>\n\t\t\t\t<\/div>\n\t\t\t\t\t\t\t\t<\/div>\n\t\t\t\t<\/div>\n\t\t\t\t<div class=\"elementor-element elementor-element-c4a19b1 animated-slow elementor-invisible elementor-widget elementor-widget-text-editor\" data-id=\"c4a19b1\" data-element_type=\"widget\" data-settings=\"{&quot;_animation&quot;:&quot;fadeInUp&quot;}\" data-widget_type=\"text-editor.default\">\n\t\t\t\t<div class=\"elementor-widget-container\">\n\t\t\t\t\t\t\t\t\t<p>Uz\u00e1vierka abstraktov: 22. 4. 2022<\/p>\t\t\t\t\t\t\t\t<\/div>\n\t\t\t\t<\/div>\n\t\t\t\t\t<\/div>\n\t\t<\/div>\n\t\t\t\t\t<\/div>\n\t\t<\/section>\n\t\t\t\t\t<\/div>\n\t\t<\/div>\n\t\t\t\t\t<\/div>\n\t\t<\/section>\n\t\t\t\t<section class=\"elementor-section elementor-top-section elementor-element elementor-element-3c31636 elementor-section-boxed elementor-section-height-default elementor-section-height-default\" data-id=\"3c31636\" data-element_type=\"section\">\n\t\t\t\t\t\t<div class=\"elementor-container elementor-column-gap-default\">\n\t\t\t\t\t<div class=\"elementor-column elementor-col-100 elementor-top-column elementor-element elementor-element-289eefb\" data-id=\"289eefb\" data-element_type=\"column\">\n\t\t\t<div class=\"elementor-widget-wrap elementor-element-populated\">\n\t\t\t\t\t\t<div class=\"elementor-element elementor-element-9be084d elementor-widget elementor-widget-heading\" data-id=\"9be084d\" data-element_type=\"widget\" data-widget_type=\"heading.default\">\n\t\t\t\t<div class=\"elementor-widget-container\">\n\t\t\t\t\t<h2 class=\"elementor-heading-title elementor-size-default\">V\u00e1\u017een\u00e9 kolegyne, kolegovia, mil\u00ed priatelia<\/h2>\t\t\t\t<\/div>\n\t\t\t\t<\/div>\n\t\t\t\t<div class=\"elementor-element elementor-element-2c096c0 elementor-widget elementor-widget-text-editor\" data-id=\"2c096c0\" data-element_type=\"widget\" data-widget_type=\"text-editor.default\">\n\t\t\t\t<div class=\"elementor-widget-container\">\n\t\t\t\t\t\t\t\t\t<p style=\"font-weight: 400;\">Dovo\u013ete, aby sme V\u00e1s v mene Slovenskej diabetologickej spolo\u010dnosti (SDS) pozvali na XXXIII. Diabetologick\u00e9 dni, &nbsp;ktor\u00e9 sa uskuto\u010dnia v d\u0148och &nbsp;25. \u2013 27.&nbsp; m\u00e1ja 2023 &nbsp;tradi\u010dne v hoteli Patria na \u0160trbskom Plese. &nbsp;<\/p>\n<p style=\"font-weight: 400;\">Tohtoro\u010dn\u00e1 Korecova cena prez\u00eddia SLS bude udelen\u00e1 prof. MUDr. Ivanovi Tk\u00e1\u010dovi, PhD. T\u00e9mou jeho sl\u00e1vnostnej predn\u00e1\u0161ky bude: Ako m\u00f4\u017ee transl\u00e1cia poznatkov z\u00e1kladn\u00e9ho a klinick\u00e9ho v\u00fdskumu do klinickej praxe prispie\u0165 k zlep\u0161eniu lie\u010dby cukrovky?<\/p>\n<p style=\"font-weight: 400;\">R\u00e1zusovu predn\u00e1\u0161ku s n\u00e1zvom: Prevalencia a mortalita pacientov s diabetes mellitus 2. typu prednesie MUDr. Jozef Lacka, PhD. Tri hlavn\u00e9 t\u00e9my tohtoro\u010dn\u00fdch Dia dn\u00ed sa venuj\u00fa aktu\u00e1lnym probl\u00e9mom v diabetol\u00f3gi\u00ed: 1. O\u010dn\u00e9 komplik\u00e1cie DM, 2. DM a ochorenia arteri\u00e1lneho syst\u00e9mu, 3. DM v star\u0161om veku. Nebude ch\u00fdba\u0165 blok \u010ceskej diabetologickej spolo\u010dnosti. Od prof. Pr\u00e1zneho, s\u00fa\u010dasn\u00e9ho predsedu \u010cDS, sa dozvieme o&nbsp;mechanizmoch cievneho po\u0161kodenia nielen pri DM, o&nbsp;jeho prevencii a&nbsp;protekcii.<\/p>\n<p style=\"font-weight: 400;\">MUDr. \u0160oupal, vedeck\u00fd sekret\u00e1r \u010cDS, n\u00e1s poinformuje o&nbsp;hybridn\u00fdch uzavren\u00fdch okruhoch a&nbsp;senzorovej technol\u00f3gii v&nbsp;roku 2023.<\/p>\n<p style=\"font-weight: 400;\">V piatok dopoludnia v bloku pozvan\u00fdch zahrani\u010dn\u00fdch predn\u00e1\u0161aj\u00facich vyst\u00fapia viacer\u00ed v\u00fdznamn\u00ed diabetol\u00f3govia: prof. Wittmann z Ma\u010farska, prof. Radulian z Rumunska, prof. Schwarz&nbsp; z Nemecka a prof. Klupa z Po\u013eska. V bloku venovanom problematike diabetickej nohy vyst\u00fapi aj v\u00fdznamn\u00fd svetov\u00fd odborn\u00edk v tejto oblasti &#8211; prof. Boulton. Na kongrese odoznej\u00fa viacer\u00e9 klinick\u00e9 a experiment\u00e1lne pr\u00e1ce prezentuj\u00face vlastn\u00e9 v\u00fdsledky autorov v epidemiol\u00f3gii, diagnostike a lie\u010dbe DM. Tradi\u010dne bud\u00fa ma\u0165 svoje symp\u00f3zia sekcie SDS: obezitologick\u00e1, lipidologick\u00e1 a praktick\u00fdch diabetol\u00f3gov. V piatok popoludn\u00ed sa uskuto\u010dn\u00ed blok venovan\u00fd pamiatke prof. MUDr. Iwara Klime\u0161a, DrSc., ktor\u00fd m\u00e1 n\u00e1zov: Minulos\u0165 a bud\u00facnos\u0165 monog\u00e9nov\u00e9ho diabetu na Slovensku, ktor\u00fd pripravil \u00dastav experiment\u00e1lnej endokrinol\u00f3gie, Biomedic\u00ednske centrum&nbsp; SAV. &nbsp;&nbsp;&nbsp;&nbsp;<\/p>\n<p style=\"font-weight: 400;\">Odborn\u00fd program nesporne obohatia symp\u00f3zia a predn\u00e1\u0161ky partnerov kongresu.<\/p>\n<p style=\"font-weight: 400;\">V piatok 26. m\u00e1ja n\u00e1m beh alebo ch\u00f4dza okolo \u0160trbsk\u00e9ho plesa zv\u00fd\u0161i produkciu endorf\u00ednov a samozrejme aj z\u00e1ujem nielen sledova\u0165, ale akt\u00edvne diskutova\u0165 v nasleduj\u00facom odbornom programe. Symp\u00f3zia gener\u00e1lnych partnerov bud\u00fa v piatok 26. m\u00e1ja predpoludn\u00edm&nbsp;<br><span style=\"font-size: 1rem;\">v \u010dase 11:10 &#8211; 12:10 a popoludn\u00ed v \u010dase 13:10 &#8211; 14:10. <\/span><strong style=\"font-size: 1rem;\">&nbsp;&nbsp;<\/strong><span style=\"font-size: 1rem;\">&nbsp;<\/span><\/p>\n<p style=\"font-weight: 400;\">D\u00fafame, \u017ee kongres bude pre V\u00e1s odborn\u00fdm obohaten\u00edm a&nbsp;pr\u00edle\u017eitos\u0165ou pre v\u00fdmenu poznatkov a&nbsp;n\u00e1zorov.<\/p>\n<p style=\"font-weight: 400;\">\u010eakujeme v\u0161etk\u00fdm na\u0161im odborn\u00fdm partnerom podujatia za \u00fa\u010das\u0165 na odbornom programe symp\u00f3ziami alebo podporen\u00fdmi predn\u00e1\u0161kami a tie\u017e za poskytnutie eduka\u010dn\u00fdch grantov. Ve\u013ek\u00e1 v\u010faka patr\u00ed aj organiza\u010dn\u00e9mu partnerovi kongresu &#8211; spolo\u010dnosti Tajpan.<\/p>\n<p style=\"font-weight: 400;\">Za Va\u0161u Slovensk\u00fa diabetologick\u00fa spolo\u010dnos\u0165 s \u00factou,<\/p>\n<p style=\"font-weight: 400;\">\n<\/p><p style=\"font-weight: 400; text-align: right;\"><strong><em>Viera Doni\u010dov\u00e1 a &nbsp;Zbynek Schroner<\/em><\/strong><\/p>\n<p style=\"font-weight: 400; text-align: right;\"><em>prezidentka kongresu a predseda programov\u00e9ho v\u00fdboru kongresu<\/em><\/p>\t\t\t\t\t\t\t\t<\/div>\n\t\t\t\t<\/div>\n\t\t\t\t\t<\/div>\n\t\t<\/div>\n\t\t\t\t\t<\/div>\n\t\t<\/section>\n\t\t\t\t<\/div>\n\t\t","protected":false},"excerpt":{"rendered":"<p>XXXIII. Diabetologick\u00c3\u00a9 dni 25. &#8211; 27. m\u00c3\u00a1j 2023 Hotel PATRIA, \u00c5\u00a0trbsk\u00c3\u00a9 Pleso Dn\u00c3\u00ad Hod\u00c3\u00adn Min\u00c3\u00bat Sek\u00c3\u00band Zaregistrova\u00c5\u00a5 sa Registr\u00c3\u00a1cia na XXXII. Diabetologick\u00c3\u00a9 dni Prihl\u00c3\u00a1\u00c5\u00a1ka abstraktov Uz\u00c3\u00a1vierka abstraktov: 22. 4. 2022 V\u00c3\u00a1\u00c5\u00been\u00c3\u00a9 kolegyne, kolegovia, mil\u00c3\u00ad priatelia Dovo\u00c4\u00bete, aby sme V\u00c3\u00a1s v mene Slovenskej diabetologickej spolo\u00c4\u008dnosti (SDS) pozvali na XXXIII. Diabetologick\u00c3\u00a9 dni, &nbsp;ktor\u00c3\u00a9 sa uskuto\u00c4\u008dnia v d\u00c5\u02c6och [&hellip;]<\/p>\n","protected":false},"author":1,"featured_media":0,"parent":0,"menu_order":0,"comment_status":"closed","ping_status":"closed","template":"","meta":{"footnotes":""},"class_list":["post-132","page","type-page","status-publish","hentry"],"_links":{"self":[{"href":"https:\/\/diadni.sk\/2023\/wp-json\/wp\/v2\/pages\/132","targetHints":{"allow":["GET"]}}],"collection":[{"href":"https:\/\/diadni.sk\/2023\/wp-json\/wp\/v2\/pages"}],"about":[{"href":"https:\/\/diadni.sk\/2023\/wp-json\/wp\/v2\/types\/page"}],"author":[{"embeddable":true,"href":"https:\/\/diadni.sk\/2023\/wp-json\/wp\/v2\/users\/1"}],"replies":[{"embeddable":true,"href":"https:\/\/diadni.sk\/2023\/wp-json\/wp\/v2\/comments?post=132"}],"version-history":[{"count":144,"href":"https:\/\/diadni.sk\/2023\/wp-json\/wp\/v2\/pages\/132\/revisions"}],"predecessor-version":[{"id":1010,"href":"https:\/\/diadni.sk\/2023\/wp-json\/wp\/v2\/pages\/132\/revisions\/1010"}],"wp:attachment":[{"href":"https:\/\/diadni.sk\/2023\/wp-json\/wp\/v2\/media?parent=132"}],"curies":[{"name":"wp","href":"https:\/\/api.w.org\/{rel}","templated":true}]}}